{"id":23,"date":"2016-10-01T18:07:23","date_gmt":"2016-10-01T16:07:23","guid":{"rendered":"http:\/\/2.225.140.8\/wordpress2\/?page_id=23"},"modified":"2017-11-21T22:19:07","modified_gmt":"2017-11-21T21:19:07","slug":"cucina","status":"publish","type":"page","link":"https:\/\/valeriazunino.it\/blog\/cucina\/","title":{"rendered":"Cucina"},"content":{"rendered":"<table style=\"height: 100px; width: 280.05px;\">\n<tbody>\n<tr style=\"height: 0px;\">\n<td style=\"width: 147px; height: 0px;\">\n<h1 style=\"text-align: center;\"><span style=\"font-family: georgia,palatino,serif; color: #008000;\"><strong>Cucina<br \/>\n<\/strong><\/span><\/h1>\n<\/td>\n<td style=\"width: 92.05px; height: 0px;\"><img loading=\"lazy\" decoding=\"async\" class=\"wp-image-59 alignnone\" src=\"http:\/\/2.225.140.8\/wordpress2\/wp-content\/uploads\/2016\/10\/fiori_blog_vavvi-150x150.jpg\" alt=\"fiori_blog_vavvi\" width=\"89\" height=\"89\" \/><\/td>\n<\/tr>\n<\/tbody>\n<\/table>\n<p>Cucinare \u00e8 un compito che non mi \u00e8 mai piaciuto&#8230;\u00a0 mi ha sempre dato ansia , per paura che il risultato non fosse all&#8217;altezza delle aspettative , ho sempre avuto un brutto rapporto con il sale..\u00a0 sempre troppo poco ..\u00a0 oppure troppo.. ma pi\u00f9 spesso tutto insipido \u00a0 poi pian pianino.. di necessit\u00e0 virt\u00f9&#8230; quello che preferisco fare sono i dolci , o comunque tutto ci\u00f2 che \u00e8 fuori dalla routine. \u00a0Ora inizio con il mettere le foto.. man a mano indichero&#8217; le ricette &#8230; \u00a0pi\u00f9 interessanti .. ma mi occorre un po&#8217; di tempo.. ?<\/p>\n<p><a href=\"http:\/\/valeriazunino.it\/blog\/cucina-2\/\">Clicca qui per vedere le ricette <\/a><a href=\"http:\/\/2.225.140.8\/wordpress2\/?page_id=324#sthash.vfB8K5DN.dpbs\">dolci<\/a><\/p>\n<p><a href=\"http:\/\/valeriazunino.it\/blog\/cucina-3\/\">Clicca qui per vedere le ricette salate<\/a><\/p>\n","protected":false},"excerpt":{"rendered":"<p>Cucina Cucinare \u00e8 un compito che non mi \u00e8 mai piaciuto&#8230;\u00a0 mi ha sempre dato ansia , per paura che il risultato non fosse all&#8217;altezza delle aspettative , ho sempre avuto un brutto rapporto con il sale..\u00a0 sempre troppo poco ..\u00a0 oppure troppo.. ma pi\u00f9 spesso tutto insipido \u00a0 poi pian pianino.. di necessit\u00e0 virt\u00f9&#8230; &hellip; <a href=\"https:\/\/valeriazunino.it\/blog\/cucina\/\" class=\"more-link\">Continua la lettura di <span class=\"screen-reader-text\">Cucina<\/span> <span class=\"meta-nav\">&rarr;<\/span><\/a><\/p>\n","protected":false},"author":1,"featured_media":0,"parent":0,"menu_order":0,"comment_status":"closed","ping_status":"closed","template":"","meta":{"footnotes":""},"class_list":["post-23","page","type-page","status-publish","hentry"],"yoast_head":"<!-- This site is optimized with the Yoast SEO plugin v27.0 - https:\/\/yoast.com\/product\/yoast-seo-wordpress\/ -->\n<title>Cucina - ValeVz<\/title>\n<meta name=\"robots\" content=\"index, follow, max-snippet:-1, max-image-preview:large, max-video-preview:-1\" \/>\n<link rel=\"canonical\" href=\"https:\/\/valeriazunino.it\/blog\/cucina\/\" \/>\n<meta property=\"og:locale\" content=\"it_IT\" \/>\n<meta property=\"og:type\" content=\"article\" \/>\n<meta property=\"og:title\" content=\"Cucina - ValeVz\" \/>\n<meta property=\"og:description\" content=\"Cucina Cucinare \u00e8 un compito che non mi \u00e8 mai piaciuto&#8230;\u00a0 mi ha sempre dato ansia , per paura che il risultato non fosse all&#8217;altezza delle aspettative , ho sempre avuto un brutto rapporto con il sale..\u00a0 sempre troppo poco ..\u00a0 oppure troppo.. ma pi\u00f9 spesso tutto insipido \u00a0 poi pian pianino.. di necessit\u00e0 virt\u00f9&#8230; &hellip; Continua la lettura di Cucina &rarr;\" \/>\n<meta property=\"og:url\" content=\"https:\/\/valeriazunino.it\/blog\/cucina\/\" \/>\n<meta property=\"og:site_name\" content=\"ValeVz\" \/>\n<meta property=\"article:publisher\" content=\"https:\/\/www.facebook.com\/valeria.zunino.7\" \/>\n<meta property=\"article:modified_time\" content=\"2017-11-21T21:19:07+00:00\" \/>\n<meta property=\"og:image\" content=\"http:\/\/2.225.140.8\/wordpress2\/wp-content\/uploads\/2016\/10\/fiori_blog_vavvi-150x150.jpg\" \/>\n<meta name=\"twitter:card\" content=\"summary_large_image\" \/>\n<meta name=\"twitter:site\" content=\"@valezunin\" \/>\n<meta name=\"twitter:label1\" content=\"Tempo di lettura stimato\" \/>\n\t<meta name=\"twitter:data1\" content=\"1 minuto\" \/>\n<script type=\"application\/ld+json\" class=\"yoast-schema-graph\">{\"@context\":\"https:\/\/schema.org\",\"@graph\":[{\"@type\":\"WebPage\",\"@id\":\"https:\/\/valeriazunino.it\/blog\/cucina\/\",\"url\":\"https:\/\/valeriazunino.it\/blog\/cucina\/\",\"name\":\"Cucina - ValeVz\",\"isPartOf\":{\"@id\":\"https:\/\/valeriazunino.it\/blog\/#website\"},\"primaryImageOfPage\":{\"@id\":\"https:\/\/valeriazunino.it\/blog\/cucina\/#primaryimage\"},\"image\":{\"@id\":\"https:\/\/valeriazunino.it\/blog\/cucina\/#primaryimage\"},\"thumbnailUrl\":\"http:\/\/2.225.140.8\/wordpress2\/wp-content\/uploads\/2016\/10\/fiori_blog_vavvi-150x150.jpg\",\"datePublished\":\"2016-10-01T16:07:23+00:00\",\"dateModified\":\"2017-11-21T21:19:07+00:00\",\"breadcrumb\":{\"@id\":\"https:\/\/valeriazunino.it\/blog\/cucina\/#breadcrumb\"},\"inLanguage\":\"it-IT\",\"potentialAction\":[{\"@type\":\"ReadAction\",\"target\":[\"https:\/\/valeriazunino.it\/blog\/cucina\/\"]}]},{\"@type\":\"ImageObject\",\"inLanguage\":\"it-IT\",\"@id\":\"https:\/\/valeriazunino.it\/blog\/cucina\/#primaryimage\",\"url\":\"http:\/\/2.225.140.8\/wordpress2\/wp-content\/uploads\/2016\/10\/fiori_blog_vavvi-150x150.jpg\",\"contentUrl\":\"http:\/\/2.225.140.8\/wordpress2\/wp-content\/uploads\/2016\/10\/fiori_blog_vavvi-150x150.jpg\"},{\"@type\":\"BreadcrumbList\",\"@id\":\"https:\/\/valeriazunino.it\/blog\/cucina\/#breadcrumb\",\"itemListElement\":[{\"@type\":\"ListItem\",\"position\":1,\"name\":\"Home\",\"item\":\"https:\/\/valeriazunino.it\/blog\/\"},{\"@type\":\"ListItem\",\"position\":2,\"name\":\"Cucina\"}]},{\"@type\":\"WebSite\",\"@id\":\"https:\/\/valeriazunino.it\/blog\/#website\",\"url\":\"https:\/\/valeriazunino.it\/blog\/\",\"name\":\"ValeVz\",\"description\":\"il mio sito\",\"potentialAction\":[{\"@type\":\"SearchAction\",\"target\":{\"@type\":\"EntryPoint\",\"urlTemplate\":\"https:\/\/valeriazunino.it\/blog\/?s={search_term_string}\"},\"query-input\":{\"@type\":\"PropertyValueSpecification\",\"valueRequired\":true,\"valueName\":\"search_term_string\"}}],\"inLanguage\":\"it-IT\"}]}<\/script>\n<!-- \/ Yoast SEO plugin. -->","yoast_head_json":{"title":"Cucina - ValeVz","robots":{"index":"index","follow":"follow","max-snippet":"max-snippet:-1","max-image-preview":"max-image-preview:large","max-video-preview":"max-video-preview:-1"},"canonical":"https:\/\/valeriazunino.it\/blog\/cucina\/","og_locale":"it_IT","og_type":"article","og_title":"Cucina - ValeVz","og_description":"Cucina Cucinare \u00e8 un compito che non mi \u00e8 mai piaciuto&#8230;\u00a0 mi ha sempre dato ansia , per paura che il risultato non fosse all&#8217;altezza delle aspettative , ho sempre avuto un brutto rapporto con il sale..\u00a0 sempre troppo poco ..\u00a0 oppure troppo.. ma pi\u00f9 spesso tutto insipido \u00a0 poi pian pianino.. di necessit\u00e0 virt\u00f9&#8230; &hellip; Continua la lettura di Cucina &rarr;","og_url":"https:\/\/valeriazunino.it\/blog\/cucina\/","og_site_name":"ValeVz","article_publisher":"https:\/\/www.facebook.com\/valeria.zunino.7","article_modified_time":"2017-11-21T21:19:07+00:00","og_image":[{"url":"http:\/\/2.225.140.8\/wordpress2\/wp-content\/uploads\/2016\/10\/fiori_blog_vavvi-150x150.jpg","type":"","width":"","height":""}],"twitter_card":"summary_large_image","twitter_site":"@valezunin","twitter_misc":{"Tempo di lettura stimato":"1 minuto"},"schema":{"@context":"https:\/\/schema.org","@graph":[{"@type":"WebPage","@id":"https:\/\/valeriazunino.it\/blog\/cucina\/","url":"https:\/\/valeriazunino.it\/blog\/cucina\/","name":"Cucina - ValeVz","isPartOf":{"@id":"https:\/\/valeriazunino.it\/blog\/#website"},"primaryImageOfPage":{"@id":"https:\/\/valeriazunino.it\/blog\/cucina\/#primaryimage"},"image":{"@id":"https:\/\/valeriazunino.it\/blog\/cucina\/#primaryimage"},"thumbnailUrl":"http:\/\/2.225.140.8\/wordpress2\/wp-content\/uploads\/2016\/10\/fiori_blog_vavvi-150x150.jpg","datePublished":"2016-10-01T16:07:23+00:00","dateModified":"2017-11-21T21:19:07+00:00","breadcrumb":{"@id":"https:\/\/valeriazunino.it\/blog\/cucina\/#breadcrumb"},"inLanguage":"it-IT","potentialAction":[{"@type":"ReadAction","target":["https:\/\/valeriazunino.it\/blog\/cucina\/"]}]},{"@type":"ImageObject","inLanguage":"it-IT","@id":"https:\/\/valeriazunino.it\/blog\/cucina\/#primaryimage","url":"http:\/\/2.225.140.8\/wordpress2\/wp-content\/uploads\/2016\/10\/fiori_blog_vavvi-150x150.jpg","contentUrl":"http:\/\/2.225.140.8\/wordpress2\/wp-content\/uploads\/2016\/10\/fiori_blog_vavvi-150x150.jpg"},{"@type":"BreadcrumbList","@id":"https:\/\/valeriazunino.it\/blog\/cucina\/#breadcrumb","itemListElement":[{"@type":"ListItem","position":1,"name":"Home","item":"https:\/\/valeriazunino.it\/blog\/"},{"@type":"ListItem","position":2,"name":"Cucina"}]},{"@type":"WebSite","@id":"https:\/\/valeriazunino.it\/blog\/#website","url":"https:\/\/valeriazunino.it\/blog\/","name":"ValeVz","description":"il mio sito","potentialAction":[{"@type":"SearchAction","target":{"@type":"EntryPoint","urlTemplate":"https:\/\/valeriazunino.it\/blog\/?s={search_term_string}"},"query-input":{"@type":"PropertyValueSpecification","valueRequired":true,"valueName":"search_term_string"}}],"inLanguage":"it-IT"}]}},"post_mailing_queue_ids":[],"_links":{"self":[{"href":"https:\/\/valeriazunino.it\/blog\/wp-json\/wp\/v2\/pages\/23","targetHints":{"allow":["GET"]}}],"collection":[{"href":"https:\/\/valeriazunino.it\/blog\/wp-json\/wp\/v2\/pages"}],"about":[{"href":"https:\/\/valeriazunino.it\/blog\/wp-json\/wp\/v2\/types\/page"}],"author":[{"embeddable":true,"href":"https:\/\/valeriazunino.it\/blog\/wp-json\/wp\/v2\/users\/1"}],"replies":[{"embeddable":true,"href":"https:\/\/valeriazunino.it\/blog\/wp-json\/wp\/v2\/comments?post=23"}],"version-history":[{"count":7,"href":"https:\/\/valeriazunino.it\/blog\/wp-json\/wp\/v2\/pages\/23\/revisions"}],"predecessor-version":[{"id":607,"href":"https:\/\/valeriazunino.it\/blog\/wp-json\/wp\/v2\/pages\/23\/revisions\/607"}],"wp:attachment":[{"href":"https:\/\/valeriazunino.it\/blog\/wp-json\/wp\/v2\/media?parent=23"}],"curies":[{"name":"wp","href":"https:\/\/api.w.org\/{rel}","templated":true}]}}